{"id":6649,"date":"2019-12-20T18:31:41","date_gmt":"2019-12-20T18:31:41","guid":{"rendered":"https:\/\/www.cervejaquinas.com\/?post_type=product&#038;p=6649"},"modified":"2025-05-06T14:33:59","modified_gmt":"2025-05-06T14:33:59","slug":"quinas-magna","status":"publish","type":"product","link":"https:\/\/www.cervejaquinas.com\/fr\/loja\/bebidas-alcoolicas\/artesanal\/quinas-magna\/","title":{"rendered":"QUINAS Magna &#8211; Edi\u00e7\u00e3o Especial 3L"},"content":{"rendered":"","protected":false},"excerpt":{"rendered":"<p>Formato: Garrafa 3L<br \/>\nC\u00e1psula: Swingtop<br \/>\nAltura da garrafa: 55cm<\/p>\n<p>Uma cerveja Extra Brut \u00e0 altura da ocasi\u00e3o. Porque os portugueses sonham em grande e a QUINAS responde \u00e0 propor\u00e7\u00e3o.<\/p>\n<div class=\"metpagprod\">\n<h5>Pagamento 100% seguro<\/h5>\n<p><img decoding=\"async\" class=\"metpagimg\" src=\"https:\/\/www.cervejaquinas.com\/wp-content\/uploads\/2021\/07\/quinas-metodopagamento.png\" \/><\/p>\n<\/div>\n<p><a href=\"https:\/\/www.cervejaquinas.com\/fr\/loja\/bebidas-alcoolicas\/artesanal\/quinas-magna\/\" class=\"more-link style1-button\">Read More<\/a><\/p>","protected":false},"featured_media":6653,"template":"","meta":{"_acf_changed":false},"product_brand":[],"product_cat":[89,67,68],"product_tag":[],"class_list":{"0":"post-6649","1":"product","2":"type-product","3":"status-publish","4":"has-post-thumbnail","6":"product_cat-bebidas-alcoolicas","7":"product_cat-artesanal","8":"product_cat-edicao-especial","9":"product_shipping_class-freeship","11":"first","12":"outofstock","13":"shipping-taxable","14":"purchasable","15":"product-type-simple"},"acf":[],"_links":{"self":[{"href":"https:\/\/www.cervejaquinas.com\/fr\/wp-json\/wp\/v2\/product\/6649","targetHints":{"allow":["GET"]}}],"collection":[{"href":"https:\/\/www.cervejaquinas.com\/fr\/wp-json\/wp\/v2\/product"}],"about":[{"href":"https:\/\/www.cervejaquinas.com\/fr\/wp-json\/wp\/v2\/types\/product"}],"wp:featuredmedia":[{"embeddable":true,"href":"https:\/\/www.cervejaquinas.com\/fr\/wp-json\/wp\/v2\/media\/6653"}],"wp:attachment":[{"href":"https:\/\/www.cervejaquinas.com\/fr\/wp-json\/wp\/v2\/media?parent=6649"}],"wp:term":[{"taxonomy":"product_brand","embeddable":true,"href":"https:\/\/www.cervejaquinas.com\/fr\/wp-json\/wp\/v2\/product_brand?post=6649"},{"taxonomy":"product_cat","embeddable":true,"href":"https:\/\/www.cervejaquinas.com\/fr\/wp-json\/wp\/v2\/product_cat?post=6649"},{"taxonomy":"product_tag","embeddable":true,"href":"https:\/\/www.cervejaquinas.com\/fr\/wp-json\/wp\/v2\/product_tag?post=6649"}],"curies":[{"name":"wp","href":"https:\/\/api.w.org\/{rel}","templated":true}]}}