{"id":6189,"date":"2019-11-27T23:30:13","date_gmt":"2019-11-27T23:30:13","guid":{"rendered":"https:\/\/www.cervejaquinas.com\/?post_type=product&#038;p=6189"},"modified":"2025-05-06T14:35:25","modified_gmt":"2025-05-06T14:35:25","slug":"quinas-perola-50cl","status":"publish","type":"product","link":"https:\/\/www.cervejaquinas.com\/fr\/loja\/bebidas-alcoolicas\/artesanal\/quinas-perola-50cl\/","title":{"rendered":"Cerveja QUINAS P\u00e9rola 50cl"},"content":{"rendered":"<p>Formato: Garrafa 50cl<br \/>\nC\u00e1psula: Swingtop<br \/>\nEmbalagem: 1 unidade<br \/>\nValidade: 12 Meses<\/p>\n<p>QUINAS P\u00e9rola, uma American Pale Ale com aromas frutados caracter\u00edsticos do estilo citrinos e maracuj\u00e1. De corpo leve e macio, o amargor final \u00e9 persistente para equilibrar com os aromas fortes da fruta e deixar uma sensa\u00e7\u00e3o de frescura.<\/p>\n<p>Apresenta 5,1% de \u00e1lcool e \u00e9 ideal para harmonizar com comida condimentada (Mexicana e Indiana), queijos fortes e sobremesas.<\/p>\n","protected":false},"excerpt":{"rendered":"<p>Formato: Garrafa 50cl<br \/>\nC\u00e1psula: Swingtop<br \/>\nEmbalagem: 1 unidade<br \/>\nValidade: 12 Meses<\/p>\n<p>QUINAS P\u00e9rola, uma American Pale Ale com aromas frutados caracter\u00edsticos do estilo citrinos e maracuj\u00e1. De corpo leve e macio, o amargor final \u00e9 persistente para equilibrar com os aromas fortes da fruta e deixar uma sensa\u00e7\u00e3o de frescura.<\/p>\n<p>Apresenta 5,1% de \u00e1lcool e \u00e9 ideal para harmonizar com comida condimentada (Mexicana e Indiana), queijos fortes e sobremesas.<\/p>\n<div class=\"metpagprod\">\n<h5>Pagamento 100% seguro<\/h5>\n<p><img decoding=\"async\" class=\"metpagimg\" src=\"https:\/\/www.cervejaquinas.com\/wp-content\/uploads\/2021\/07\/quinas-metodopagamento.png\" \/><\/p>\n<\/div>\n<p><a href=\"https:\/\/www.cervejaquinas.com\/fr\/loja\/bebidas-alcoolicas\/artesanal\/quinas-perola-50cl\/\" class=\"more-link style1-button\">Read More<\/a><\/p>","protected":false},"featured_media":6473,"template":"","meta":{"_acf_changed":false},"product_brand":[],"product_cat":[89,67,87],"product_tag":[],"class_list":{"0":"post-6189","1":"product","2":"type-product","3":"status-publish","4":"has-post-thumbnail","6":"product_cat-bebidas-alcoolicas","7":"product_cat-artesanal","8":"product_cat-oferta","10":"first","11":"outofstock","12":"shipping-taxable","13":"purchasable","14":"product-type-simple"},"acf":[],"_links":{"self":[{"href":"https:\/\/www.cervejaquinas.com\/fr\/wp-json\/wp\/v2\/product\/6189","targetHints":{"allow":["GET"]}}],"collection":[{"href":"https:\/\/www.cervejaquinas.com\/fr\/wp-json\/wp\/v2\/product"}],"about":[{"href":"https:\/\/www.cervejaquinas.com\/fr\/wp-json\/wp\/v2\/types\/product"}],"wp:featuredmedia":[{"embeddable":true,"href":"https:\/\/www.cervejaquinas.com\/fr\/wp-json\/wp\/v2\/media\/6473"}],"wp:attachment":[{"href":"https:\/\/www.cervejaquinas.com\/fr\/wp-json\/wp\/v2\/media?parent=6189"}],"wp:term":[{"taxonomy":"product_brand","embeddable":true,"href":"https:\/\/www.cervejaquinas.com\/fr\/wp-json\/wp\/v2\/product_brand?post=6189"},{"taxonomy":"product_cat","embeddable":true,"href":"https:\/\/www.cervejaquinas.com\/fr\/wp-json\/wp\/v2\/product_cat?post=6189"},{"taxonomy":"product_tag","embeddable":true,"href":"https:\/\/www.cervejaquinas.com\/fr\/wp-json\/wp\/v2\/product_tag?post=6189"}],"curies":[{"name":"wp","href":"https:\/\/api.w.org\/{rel}","templated":true}]}}